{"id":337,"date":"2018-06-02T12:29:29","date_gmt":"2018-06-02T12:29:29","guid":{"rendered":"https:\/\/xtratheme.com\/default\/?page_id=337"},"modified":"2022-02-09T14:52:18","modified_gmt":"2022-02-09T13:52:18","slug":"mission-vision","status":"publish","type":"page","link":"https:\/\/deviconsultingsn.barma-solutions.com\/index.php\/mission-vision\/","title":{"rendered":"MISSION ET VISION"},"content":{"rendered":"<p>[vc_row][vc_column]<div class=\"cz_gap clr  hide_on_mobile\" style=\"height: 70px\"><\/div><div class=\"cz_gap show_on_mobile clr\" style=\"height: 0px\"><\/div>[\/vc_column][\/vc_row][vc_row][vc_column offset=&#8221;vc_col-md-6&#8243;][vc_single_image image=&#8221;1603&#8243; img_size=&#8221;full&#8221; alignment=&#8221;center&#8221; onclick=&#8221;link_image&#8221; css_animation=&#8221;fadeInLeft&#8221;]<div class=\"cz_gap clr \" style=\"height: 30px\"><\/div>[\/vc_column][vc_column css_animation=&#8221;fadeInRight&#8221; offset=&#8221;vc_col-md-6&#8243;]<div class=\"cz_gap clr  hide_on_mobile\" style=\"height: 43px\"><\/div><div class=\"cz_gap show_on_mobile clr\" style=\"height: 20px\"><\/div><div id=\"cz_29279\" class=\"cz_29279 cz_title clr cz_mobile_text_center cz_title_pos_inline\"><div class=\"cz_title_shape shape_square cz_shape_1\"><\/div><div class=\"cz_title_content\"><div class=\"cz_wpe_content\"><p>MISSION ET VISION<\/p>\n<h2>INFINITY SOLUTIONS GROUP<\/h2>\n<\/div><\/div><\/div><div class=\"cz_gap clr  hide_on_mobile\" style=\"height: 60px\"><\/div><div class=\"cz_gap show_on_mobile clr\" style=\"height: 20px\"><\/div><div id=\"cz_71129\" class=\"cz_71129 cz_title clr cz_mobile_text_center cz_title_pos_inline\"><div class=\"cz_title_content\"><div class=\"cz_wpe_content\"><p>Chez INFINITY SOLUTIONS GROUP, nous avons pris un engagement d\u00e9clin\u00e9 sur quatre points, aupr\u00e8s des industries et des entreprises de services pr\u00e9sentes en Afrique. Cet engagement d\u00e9finit notre mission et notre raison d\u2019exister:\u00a0 \u00a0\u00a0 \u00a0 \u00a0 \u00a0 \u00a0 \u00a0 \u00a0 \u00a0\u00a0 \u2018\u2018<strong>On structure, On accompagne, On optimise, pour vous permettre de d\u00e9complexifier vos d\u00e9fis quotidiens<\/strong>.\u2019\u2019<\/p>\n<\/div><\/div><\/div><div class=\"cz_gap clr  hide_on_mobile\" style=\"height: 10px\"><\/div><div class=\"cz_gap show_on_mobile clr\" style=\"height: 50px\"><\/div>[\/vc_column][\/vc_row][vc_row][vc_column][\/vc_column][\/vc_row][vc_row full_width=&#8221;stretch_row&#8221; css_animation=&#8221;fadeIn&#8221; css=&#8221;.vc_custom_1643867109850{background: rgba(29,29,29,0.73) url(https:\/\/deviconsultingsn.barma-solutions.com\/wp-content\/uploads\/2022\/02\/business-gda261381e_1280.jpg?id=1743) !important;background-position: center !important;background-repeat: no-repeat !important;background-size: cover !important;*background-color: rgb(29,29,29) !important;}&#8221;][vc_column]<div class=\"cz_gap clr  hide_on_mobile\" style=\"height: 180px\"><\/div><div class=\"cz_gap show_on_mobile clr\" style=\"height: 100px\"><\/div><div id=\"cz_86625\" class=\"cz_86625 cz_title clr cz_smart_fs cz_mobile_text_center cz_title_pos_inline tac wpb_animate_when_almost_visible fadeInDown\"><div class=\"cz_title_shape shape_square cz_shape_1\"><\/div><div class=\"cz_title_content\"><div class=\"cz_wpe_content\"><h5 style=\"text-align: center;\">INFINITY SOLUTIONS GROUP<\/h5>\n<h2 style=\"text-align: center;\">NOTRE MISSION<\/h2>\n<h2><\/h2>\n<\/div><\/div><\/div>[vc_row_inner][vc_column_inner]<div id=\"cz_75534\" class=\"cz_75534 slick arrows_mlr no_dots is_center\" data-slick='{\"selector\":\"\",\"slidesToShow\":1,\"slidesToScroll\":1,\"rows\":1,\"fade\":false,\"vertical\":false,\"verticalSwiping\":false,\"infinite\":true,\"speed\":1000,\"swipeToSlide\":true,\"centerMode\":true,\"centerPadding\":\"\",\"variableWidth\":false,\"autoplay\":false,\"autoplaySpeed\":4000,\"dots\":true,\"counts\":false,\"adaptiveHeight\":false,\"responsive\":[{\"breakpoint\":769,\"settings\":{\"slidesToShow\":1,\"slidesToScroll\":1,\"touchMove\":true}},{\"breakpoint\":481,\"settings\":{\"slidesToShow\":1,\"slidesToScroll\":1,\"touchMove\":true}}]}' data-slick-prev=\"\" data-slick-next=\"\"><div id=\"cz_20587\" class=\"cz_20587 cz_quote cz_quote_arrow cz_quote_center wpb_animate_when_almost_visible fadeInDown\"><blockquote><i class=\"fa fa-quote-right cz_quote_shape\" style=\"position:relative;margin: 0 auto 20px;font-size: 40px;text-align: center;opacity: 1;color: #a02d7c;\"><\/i><div class=\"cz_quote_content cz_wpe_content\"><strong>Notre vision en 2030 est d\u2019\u00eatre un partenaire incontournable des entreprises pr\u00e9sentes en Afrique pour les accompagner dans leurs d\u00e9fis de changement strat\u00e9gique.<\/strong><\/div><\/blockquote><div class=\"cz_quote_info\"><img width=\"150\" height=\"150\" src=\"data:image\/svg+xml,%3Csvg%20xmlns%3D&#39;http%3A%2F%2Fwww.w3.org%2F2000%2Fsvg&#39;%20width=&#39;150&#39;%20height=&#39;150&#39;%20viewBox%3D&#39;0%200%20150%20150&#39;%2F%3E\" data-czlz data-src=\"https:\/\/deviconsultingsn.barma-solutions.com\/wp-content\/uploads\/2022\/02\/Dieylanie-150x150.png\" class=\"attachment-thumbnail\" alt=\"\" title=\"Dieylanie\" data-srcset=\"https:\/\/deviconsultingsn.barma-solutions.com\/wp-content\/uploads\/2022\/02\/Dieylanie-150x150.png 150w, https:\/\/deviconsultingsn.barma-solutions.com\/wp-content\/uploads\/2022\/02\/Dieylanie-100x100.png 100w\" data-sizes=\"(max-width: 150px) 100vw, 150px\" \/><h4>Dieylani Lo<small>Le fondateur<\/small><\/h4><\/div><\/div><\/div><div><\/div>[\/vc_column_inner][\/vc_row_inner]<div class=\"cz_gap clr \" style=\"height: 150px\"><\/div>[\/vc_column][\/vc_row][vc_row full_width=&#8221;stretch_row&#8221;][vc_column]<div class=\"cz_eqh cz_content_box_parent_fx  \"><div id=\"cz_73661\" class=\"cz_73661 cz_content_box clr\"><div class=\"cz_box_front clr\"><div class=\"cz_box_front_inner clr \"><span><\/span><div>[vc_row_inner][vc_column_inner width=&#8221;1\/2&#8243;]<div id=\"cz_59923\" class=\"cz_59923 cz_title clr cz_smart_fs cz_mobile_text_center cz_title_pos_inline wpb_animate_when_almost_visible fadeIn\"><div class=\"cz_title_content\"><div class=\"cz_wpe_content\"><div>NOS<\/div>\n<h2>CHIFFRES<\/h2>\n<\/div><\/div><\/div><div class=\"cz_gap clr \" style=\"height: 20px\"><\/div><div id=\"cz_11670\" class=\"cz_11670 cz_title clr cz_mobile_text_center cz_title_pos_inline\"><div class=\"cz_title_content\"><div class=\"cz_wpe_content\"><p>Notre expertise en mati\u00e8re de d\u00e9veloppement des comp\u00e9tences en Excellence Op\u00e9rationnelle nous a permis de d\u00e9velopper des sessions et des m\u00e9thodes d\u2019enseignements \u00e9prouv\u00e9es pour l\u2019am\u00e9lioration de la performance des entreprises.<\/p>\n<\/div><\/div><\/div><div class=\"cz_gap clr \" style=\"height: 50px\"><\/div><div class=\"cz_gap clr  hide_on_mobile\" style=\"height: 20px\"><\/div><div class=\"cz_gap show_on_mobile clr\" style=\"height: 50px\"><\/div>[\/vc_column_inner][vc_column_inner width=&#8221;1\/4&#8243;]<div id=\"cz_73580\" data-disable-comma=\"\" data-duration=\"3000\" data-delay=\"0000\" class=\"cz_73580 cz_counter clr tac cz_2rows wpb_animate_when_almost_visible fadeInRight\"><div class=\"\"><span class=\"cz_counter_num_wrap\"><span class=\"cz_counter_num\">15<\/span><i>ans<\/i><\/span><span class=\"cz_counter_after\">D'EXPERIENCES<\/span><\/div><\/div><div class=\"cz_gap clr  hide_on_mobile\" style=\"height: 40px\"><\/div><div class=\"cz_gap show_on_mobile clr\" style=\"height: 20px\"><\/div><div class=\"cz_gap clr  hide_on_mobile\" style=\"height: 0px\"><\/div><div class=\"cz_gap show_on_mobile clr\" style=\"height: 50px\"><\/div>[\/vc_column_inner][vc_column_inner width=&#8221;1\/4&#8243;]<div id=\"cz_28944\" data-disable-comma=\"\" data-duration=\"3000\" data-delay=\"0000\" class=\"cz_28944 cz_counter clr tac cz_2rows wpb_animate_when_almost_visible fadeInRight\"><div class=\"\"><span class=\"cz_counter_num_wrap\"><span class=\"cz_counter_num\">57<\/span><\/span><span class=\"cz_counter_after\">CLIENTS SATISFAITS<\/span><\/div><\/div><div class=\"cz_gap clr  hide_on_mobile\" style=\"height: 40px\"><\/div><div class=\"cz_gap show_on_mobile clr\" style=\"height: 20px\"><\/div><div id=\"cz_85291\" data-disable-comma=\"\" data-duration=\"3000\" data-delay=\"0000\" class=\"cz_85291 cz_counter clr tac cz_2rows wpb_animate_when_almost_visible fadeInRight\"><div class=\"\"><span class=\"cz_counter_num_wrap\"><span class=\"cz_counter_num\">20<\/span><i>+<\/i><\/span><span class=\"cz_counter_after\">PROJECTS EN COURS<\/span><\/div><\/div>[\/vc_column_inner][\/vc_row_inner]<\/div><\/div><\/div><\/div><\/div>[\/vc_column][\/vc_row]<\/p>\n","protected":false},"excerpt":{"rendered":"<p>[vc_row][vc_column][\/vc_column][\/vc_row][vc_row][vc_column offset=&#8221;vc_col-md-6&#8243;][vc_single_image image=&#8221;1603&#8243; img_size=&#8221;full&#8221; alignment=&#8221;center&#8221; onclick=&#8221;link_image&#8221; css_animation=&#8221;fadeInLeft&#8221;][\/vc_column][vc_column css_animation=&#8221;fadeInRight&#8221; offset=&#8221;vc_col-md-6&#8243;][\/vc_column][\/vc_row][vc_row][vc_column][\/vc_column][\/vc_row][vc_row full_width=&#8221;stretch_row&#8221; css_animation=&#8221;fadeIn&#8221; &#8230; <\/p>\n","protected":false},"author":1,"featured_media":0,"parent":0,"menu_order":0,"comment_status":"closed","ping_status":"closed","template":"","meta":[],"_links":{"self":[{"href":"https:\/\/deviconsultingsn.barma-solutions.com\/index.php\/wp-json\/wp\/v2\/pages\/337"}],"collection":[{"href":"https:\/\/deviconsultingsn.barma-solutions.com\/index.php\/wp-json\/wp\/v2\/pages"}],"about":[{"href":"https:\/\/deviconsultingsn.barma-solutions.com\/index.php\/wp-json\/wp\/v2\/types\/page"}],"author":[{"embeddable":true,"href":"https:\/\/deviconsultingsn.barma-solutions.com\/index.php\/wp-json\/wp\/v2\/users\/1"}],"replies":[{"embeddable":true,"href":"https:\/\/deviconsultingsn.barma-solutions.com\/index.php\/wp-json\/wp\/v2\/comments?post=337"}],"version-history":[{"count":25,"href":"https:\/\/deviconsultingsn.barma-solutions.com\/index.php\/wp-json\/wp\/v2\/pages\/337\/revisions"}],"predecessor-version":[{"id":1864,"href":"https:\/\/deviconsultingsn.barma-solutions.com\/index.php\/wp-json\/wp\/v2\/pages\/337\/revisions\/1864"}],"wp:attachment":[{"href":"https:\/\/deviconsultingsn.barma-solutions.com\/index.php\/wp-json\/wp\/v2\/media?parent=337"}],"curies":[{"name":"wp","href":"https:\/\/api.w.org\/{rel}","templated":true}]}}