{"id":779,"date":"2018-07-08T05:39:48","date_gmt":"2018-07-08T05:39:48","guid":{"rendered":"https:\/\/codevz.com\/demo\/heks\/?page_id=779"},"modified":"2022-02-09T13:43:24","modified_gmt":"2022-02-09T12:43:24","slug":"ce-qui-nous-anime","status":"publish","type":"page","link":"https:\/\/deviconsultingsn.barma-solutions.com\/index.php\/ce-qui-nous-anime\/","title":{"rendered":"CE QUI NOUS ANIME"},"content":{"rendered":"<p>[vc_row][vc_column]<div class=\"cz_gap clr  hide_on_mobile\" style=\"height: 70px\"><\/div><div class=\"cz_gap show_on_mobile clr\" style=\"height: 0px\"><\/div>[\/vc_column][\/vc_row][vc_row][vc_column css_animation=&#8221;fadeInLeft&#8221; offset=&#8221;vc_col-md-6&#8243;]<div class=\"cz_gap clr  hide_on_mobile\" style=\"height: 60px\"><\/div><div class=\"cz_gap show_on_mobile clr\" style=\"height: 20px\"><\/div><div id=\"cz_68764\" class=\"cz_68764 cz_title clr cz_mobile_text_center cz_title_pos_inline\"><div class=\"cz_title_shape shape_square cz_shape_1\"><\/div><div class=\"cz_title_content\"><div class=\"cz_wpe_content\"><p>A PROPOS<\/p>\n<h2>INFINITY SOLUTIONS GROUP<\/h2>\n<\/div><\/div><\/div><div class=\"cz_gap clr \" style=\"height: 30px\"><\/div><div id=\"cz_14051\" class=\"cz_14051 cz_title clr cz_mobile_text_center cz_title_pos_inline\"><div class=\"cz_title_content\"><div class=\"cz_wpe_content\"><p>Pour nous, l\u2019humain doit \u00eatre au c\u0153ur de toute d\u00e9cision. Chez INFINITY SOLUTIONS GROUP, nous croyons en la diversit\u00e9 des individus pour une valorisation de la coh\u00e9sion collective. Et cela nous inspire des valeurs qui signifient avoir l\u2019espace de <strong>d\u00e9fier la routine<\/strong>, pouvoir <strong>mener avec humilit\u00e9<\/strong>, devenir un <strong>innovateur d\u00e9cisif<\/strong>, pour <strong>d\u00e9goupiller le potentiel<\/strong>.<\/p>\n<\/div><\/div><\/div><div class=\"cz_gap clr  hide_on_mobile\" style=\"height: 30px\"><\/div><div class=\"cz_gap show_on_mobile clr\" style=\"height: 0px\"><\/div><div class=\"cz_gap clr  hide_on_mobile\" style=\"height: 10px\"><\/div><div class=\"cz_gap show_on_mobile clr\" style=\"height: 50px\"><\/div>[\/vc_column][vc_column offset=&#8221;vc_col-md-6&#8243;][vc_single_image image=&#8221;1783&#8243; img_size=&#8221;full&#8221; alignment=&#8221;center&#8221; onclick=&#8221;link_image&#8221; css_animation=&#8221;fadeInRight&#8221;][\/vc_column][\/vc_row][vc_row][vc_column]<div class=\"cz_gap clr  hide_on_mobile\" style=\"height: 90px\"><\/div><div class=\"cz_gap show_on_mobile clr\" style=\"height: 20px\"><\/div>[vc_single_image image=&#8221;1563&#8243; img_size=&#8221;full&#8221; alignment=&#8221;center&#8221; onclick=&#8221;zoom&#8221; css_animation=&#8221;fadeInUp&#8221;][\/vc_column][\/vc_row]<\/p>\n","protected":false},"excerpt":{"rendered":"<p>[vc_row][vc_column][\/vc_column][\/vc_row][vc_row][vc_column css_animation=&#8221;fadeInLeft&#8221; offset=&#8221;vc_col-md-6&#8243;][\/vc_column][vc_column offset=&#8221;vc_col-md-6&#8243;][vc_single_image image=&#8221;1783&#8243; img_size=&#8221;full&#8221; alignment=&#8221;center&#8221; onclick=&#8221;link_image&#8221; css_animation=&#8221;fadeInRight&#8221;][\/vc_column][\/vc_row][vc_row][vc_column][vc_single_image image=&#8221;1563&#8243; img_size=&#8221;full&#8221; &#8230; <\/p>\n","protected":false},"author":1,"featured_media":0,"parent":0,"menu_order":0,"comment_status":"closed","ping_status":"closed","template":"","meta":[],"_links":{"self":[{"href":"https:\/\/deviconsultingsn.barma-solutions.com\/index.php\/wp-json\/wp\/v2\/pages\/779"}],"collection":[{"href":"https:\/\/deviconsultingsn.barma-solutions.com\/index.php\/wp-json\/wp\/v2\/pages"}],"about":[{"href":"https:\/\/deviconsultingsn.barma-solutions.com\/index.php\/wp-json\/wp\/v2\/types\/page"}],"author":[{"embeddable":true,"href":"https:\/\/deviconsultingsn.barma-solutions.com\/index.php\/wp-json\/wp\/v2\/users\/1"}],"replies":[{"embeddable":true,"href":"https:\/\/deviconsultingsn.barma-solutions.com\/index.php\/wp-json\/wp\/v2\/comments?post=779"}],"version-history":[{"count":15,"href":"https:\/\/deviconsultingsn.barma-solutions.com\/index.php\/wp-json\/wp\/v2\/pages\/779\/revisions"}],"predecessor-version":[{"id":1839,"href":"https:\/\/deviconsultingsn.barma-solutions.com\/index.php\/wp-json\/wp\/v2\/pages\/779\/revisions\/1839"}],"wp:attachment":[{"href":"https:\/\/deviconsultingsn.barma-solutions.com\/index.php\/wp-json\/wp\/v2\/media?parent=779"}],"curies":[{"name":"wp","href":"https:\/\/api.w.org\/{rel}","templated":true}]}}