{"id":8,"date":"2018-05-29T11:11:20","date_gmt":"2018-05-29T11:11:20","guid":{"rendered":"https:\/\/xtratheme.com\/default\/?page_id=7"},"modified":"2022-02-09T13:34:48","modified_gmt":"2022-02-09T12:34:48","slug":"qui-sommes-nous","status":"publish","type":"page","link":"https:\/\/deviconsultingsn.barma-solutions.com\/index.php\/qui-sommes-nous\/","title":{"rendered":"Qui sommes nous?"},"content":{"rendered":"<p>[vc_row][vc_column]<div class=\"cz_gap clr  hide_on_mobile\" style=\"height: 70px\"><\/div><div class=\"cz_gap show_on_mobile clr\" style=\"height: 0px\"><\/div>[\/vc_column][\/vc_row][vc_row][vc_column offset=&#8221;vc_col-md-6&#8243;]<div class=\"cz_gap clr  hide_on_mobile\" style=\"height: 60px\"><\/div><div class=\"cz_gap show_on_mobile clr\" style=\"height: 20px\"><\/div><div id=\"cz_94945\" class=\"cz_94945 cz_title clr cz_mobile_text_center cz_title_pos_inline wpb_animate_when_almost_visible fadeIn\"><div class=\"cz_title_shape shape_square cz_shape_1\"><\/div><div class=\"cz_title_content\"><div class=\"cz_wpe_content\"><p><span style=\"color: #666666; font-size: 22px;\">A PROPOS<br \/>\n<\/span><\/p>\n<h2>INFINITY SOLUTIONS GROUP<\/h2>\n<\/div><\/div><\/div><div class=\"cz_gap clr \" style=\"height: 30px\"><\/div><div id=\"cz_79480\" class=\"cz_79480 cz_title clr cz_mobile_text_center cz_title_pos_inline wpb_animate_when_almost_visible fadeIn\"><div class=\"cz_title_content\"><div class=\"cz_wpe_content\"><p>Nous vivons une \u00e9poque o\u00f9 l&#8217;\u00e9volution est beaucoup plus rapide que les d\u00e9cennies pr\u00e9c\u00e9dentes. Nous sommes conscients que la seule <strong>CONSTANTE<\/strong> que partagent toutes les entreprises d&#8217;aujourd&#8217;hui est le <strong>CHANGEMENT<\/strong>.<\/p>\n<p>Nous avons cr\u00e9\u00e9 <strong>INFINITY SOLUTIONS GROUP<\/strong> pour vous accompagner dans l&#8217;optimisation de la capacit\u00e9 de votre organisation \u00e0 survivre, \u00e0 prosp\u00e9rer et \u00e0 se p\u00e9renniser \u00e0 travers les turbulences \u00e9conomiques. Nous vous aidons \u00e0 prendre les d\u00e9cisions qu\u2019il faut pour mener des initiatives strat\u00e9giques qui acc\u00e9l\u00e8rent la productivit\u00e9 et l&#8217;innovation.<\/p>\n<p>Notre passion est de vous accompagner, vous startup, PME et grandes soci\u00e9t\u00e9s, \u00e0 mieux faire face aux d\u00e9fis quotidiens de vos op\u00e9rations strat\u00e9giques.<\/p>\n<p>Nous nous positionnons en partenaire de business dans votre mod\u00e8le op\u00e9rationnel pour insuffler une touche d\u2019innovation et ainsi maximiser l\u2019atteinte de vos objectifs.<\/p>\n<p>Capitalisant sur les plus de 50 ans d&#8217;exp\u00e9rience de nos \u00e9quipes d\u2019experts, notre pr\u00e9occupation premi\u00e8re est notre passion \u00e0 vous soulager de vos &#8220;<em>douleurs<\/em>&#8221; organisationnelles.<\/p>\n<p>Nous voyons en chaque probl\u00e9matique une opportunit\u00e9 unique de <strong><em>mieux faire pour faire plus<\/em><\/strong>, afin \u00a0que vous puissiez non seulement satisfaire vos clients, mais les ravir.<\/p>\n<p><strong>We make Excellence your day-to-day business<\/strong><\/p>\n<p><strong>L\u2019Excellence devient votre quotidien<\/strong><\/p>\n<\/div><\/div><\/div><div class=\"cz_gap clr  hide_on_mobile\" style=\"height: 30px\"><\/div><div class=\"cz_gap show_on_mobile clr\" style=\"height: 0px\"><\/div><div class=\"cz_gap clr  hide_on_mobile\" style=\"height: 10px\"><\/div><div class=\"cz_gap show_on_mobile clr\" style=\"height: 50px\"><\/div>[\/vc_column][vc_column offset=&#8221;vc_col-md-6&#8243;]<div class=\"cz_gap clr  hide_on_mobile\" style=\"height: 120px\"><\/div><div class=\"cz_gap show_on_mobile clr\" style=\"height: 20px\"><\/div>[vc_single_image image=&#8221;1828&#8243; img_size=&#8221;2000&#215;1900&#8243; alignment=&#8221;center&#8221; onclick=&#8221;link_image&#8221; css_animation=&#8221;fadeInRight&#8221;][\/vc_column][\/vc_row][vc_row][vc_column][\/vc_column][\/vc_row][vc_row][vc_column]<div class=\"cz_gap clr  hide_on_mobile\" style=\"height: 120px\"><\/div><div class=\"cz_gap show_on_mobile clr\" style=\"height: 20px\"><\/div>[\/vc_column][\/vc_row][vc_row][vc_column offset=&#8221;vc_col-md-6&#8243;]<div class=\"cz_gap clr  hide_on_mobile\" style=\"height: 90px\"><\/div><div class=\"cz_gap show_on_mobile clr\" style=\"height: 20px\"><\/div>[vc_single_image image=&#8221;1676&#8243; img_size=&#8221;20000&#215;100000&#8243; alignment=&#8221;center&#8221; onclick=&#8221;link_image&#8221; css_animation=&#8221;fadeInLeftBig&#8221;][\/vc_column][vc_column css_animation=&#8221;fadeInRightBig&#8221; offset=&#8221;vc_col-md-6&#8243; css=&#8221;.vc_custom_1643867052501{padding-left: 40px !important;}&#8221;]<div class=\"cz_gap clr  hide_on_mobile\" style=\"height: 60px\"><\/div><div class=\"cz_gap show_on_mobile clr\" style=\"height: 100px\"><\/div><div id=\"cz_86943\" class=\"cz_86943 cz_title clr cz_mobile_text_center cz_title_pos_inline\"><div class=\"cz_title_shape shape_square cz_shape_1\"><\/div><div class=\"cz_title_content\"><div class=\"cz_wpe_content\"><p><span style=\"color: #666666; font-size: 22px;\">LE FONDATEUR<br \/>\n<\/span><\/p>\n<h2>DIEYLANI LO<\/h2>\n<\/div><\/div><\/div><div class=\"cz_gap clr \" style=\"height: 30px\"><\/div><div id=\"cz_31809\" class=\"cz_31809 cz_title clr cz_title_pos_inline\"><div class=\"cz_title_content\"><div class=\"cz_wpe_content\"><p>Lean Six Sigma Green Belt et expert Excellence Op\u00e9rationnelle et Am\u00e9lioration de la Performance Organisationnelle.<\/p>\n<p>Avec plus de 15 ans d&#8217;exp\u00e9riences nationale et internationale Dieylani LO est un industriel qui a \u00e9volu\u00e9 dans le domaine de la production, de la performance industrielle et de l&#8217;am\u00e9lioration continue.<\/p>\n<p>Depuis son S\u00e9n\u00e9gal natal, il s&#8217;est d\u00e9fini comme mission de mettre ses comp\u00e9tences au service des entreprises en Afrique afin de contribuer \u00e0 leur transformation et \u00e0 l&#8217;am\u00e9lioration de leur performance organisationnelle.<\/p>\n<p>Acteur du changement, il a d\u00e9velopp\u00e9 son expertise au sein d\u2019organisations de renomm\u00e9e telles que NESTLE SA et Philip Morris International.<\/p>\n<p>Il a travaill\u00e9 dans les secteurs de l\u2019industrie mini\u00e8re, des soins de sant\u00e9, de la production d\u2019\u00e9lectricit\u00e9, de l&#8217;industrie agro-alimentaire, de l\u2019industrie du tabac avant de continuer dans le conseil.<\/p>\n<p>Il est reconnu coach Lean Six Sigma ceinture Blanche et Jaune par Nestl\u00e9 et il est certifi\u00e9 coach et formateur Lean Six Sigma Ceinture Verte par Genetrix Consulting. Il parle couramment l&#8217;anglais et le fran\u00e7ais.<\/p>\n<\/div><\/div><\/div><div class=\"cz_gap clr \" style=\"height: 30px\"><\/div>[\/vc_column][\/vc_row]<\/p>\n","protected":false},"excerpt":{"rendered":"<p>[vc_row][vc_column][\/vc_column][\/vc_row][vc_row][vc_column offset=&#8221;vc_col-md-6&#8243;][\/vc_column][vc_column offset=&#8221;vc_col-md-6&#8243;][vc_single_image image=&#8221;1828&#8243; img_size=&#8221;2000&#215;1900&#8243; alignment=&#8221;center&#8221; onclick=&#8221;link_image&#8221; css_animation=&#8221;fadeInRight&#8221;][\/vc_column][\/vc_row][vc_row][vc_column][\/vc_column][\/vc_row][vc_row][vc_column][\/vc_column][\/vc_row][vc_row][vc_column offset=&#8221;vc_col-md-6&#8243;][vc_single_image image=&#8221;1676&#8243; img_size=&#8221;20000&#215;100000&#8243; &#8230; <\/p>\n","protected":false},"author":1,"featured_media":0,"parent":0,"menu_order":0,"comment_status":"closed","ping_status":"closed","template":"","meta":[],"_links":{"self":[{"href":"https:\/\/deviconsultingsn.barma-solutions.com\/index.php\/wp-json\/wp\/v2\/pages\/8"}],"collection":[{"href":"https:\/\/deviconsultingsn.barma-solutions.com\/index.php\/wp-json\/wp\/v2\/pages"}],"about":[{"href":"https:\/\/deviconsultingsn.barma-solutions.com\/index.php\/wp-json\/wp\/v2\/types\/page"}],"author":[{"embeddable":true,"href":"https:\/\/deviconsultingsn.barma-solutions.com\/index.php\/wp-json\/wp\/v2\/users\/1"}],"replies":[{"embeddable":true,"href":"https:\/\/deviconsultingsn.barma-solutions.com\/index.php\/wp-json\/wp\/v2\/comments?post=8"}],"version-history":[{"count":29,"href":"https:\/\/deviconsultingsn.barma-solutions.com\/index.php\/wp-json\/wp\/v2\/pages\/8\/revisions"}],"predecessor-version":[{"id":1834,"href":"https:\/\/deviconsultingsn.barma-solutions.com\/index.php\/wp-json\/wp\/v2\/pages\/8\/revisions\/1834"}],"wp:attachment":[{"href":"https:\/\/deviconsultingsn.barma-solutions.com\/index.php\/wp-json\/wp\/v2\/media?parent=8"}],"curies":[{"name":"wp","href":"https:\/\/api.w.org\/{rel}","templated":true}]}}