{"id":883,"date":"2018-05-29T11:10:26","date_gmt":"2018-05-29T09:10:26","guid":{"rendered":"https:\/\/xtratheme.com\/default\/?page_id=4"},"modified":"2022-02-19T04:21:20","modified_gmt":"2022-02-19T03:21:20","slug":"home","status":"publish","type":"page","link":"https:\/\/deviconsultingsn.barma-solutions.com\/","title":{"rendered":"ACCUEIL"},"content":{"rendered":"<p>[vc_row][vc_column]<div class=\"cz_eqh cz_content_box_parent_fx  \"><div id=\"cz_65189\" class=\"cz_65189 cz_content_box clr\"><div class=\"cz_box_front clr\"><div class=\"cz_box_front_inner clr \"><span><\/span><div><div class=\"cz_gap clr  hide_on_mobile\" style=\"height: 110px\"><\/div><div class=\"cz_gap show_on_mobile clr\" style=\"height: 70px\"><\/div><div id=\"cz_37181\" class=\"cz_37181 cz_title clr cz_title_pos_inline tac wpb_animate_when_almost_visible fadeIn\"><div class=\"cz_title_shape shape_square cz_shape_1\"><\/div><div class=\"cz_title_content\"><div class=\"cz_wpe_content\"><p style=\"text-align: center;\"><span style=\"color: #666666; font-size: 22px;\">NOS SERVICES<\/span><\/p>\n<h2 style=\"text-align: center;\">INFINITY SOLUTIONS GROUP<\/h2>\n<\/div><\/div><\/div><\/div><\/div><\/div><\/div><\/div>[\/vc_column][\/vc_row][vc_row][vc_column width=&#8221;1\/3&#8243;]<a href=\"http:\/\/deviconsultingsn.barma-solutions.com\/index.php\/services\/\" title=\"Services\"><div id=\"cz_20604\" class=\"cz_20604 services clr style1 cz_sbi_fx_10 services_b wpb_animate_when_almost_visible fadeInLeft\"><div class=\"service_custom\"><\/div><div class=\"service_text\"><h3>Coaching<\/h3><div class=\"cz_wpe_content\"><\/div><\/div><\/div><\/a>[\/vc_column][vc_column width=&#8221;1\/3&#8243;]<a href=\"http:\/\/deviconsultingsn.barma-solutions.com\/index.php\/services\/\" title=\"Services\"><div id=\"cz_26412\" class=\"cz_26412 services clr style1 cz_sbi_fx_10 services_b wpb_animate_when_almost_visible fadeInUp\"><div class=\"service_custom\"><\/div><div class=\"service_text\"><h3>Conseil & Accompagnement<\/h3><div class=\"cz_wpe_content\"><\/div><\/div><\/div><\/a>[\/vc_column][vc_column width=&#8221;1\/3&#8243;]<a href=\"http:\/\/deviconsultingsn.barma-solutions.com\/index.php\/nos-formations\/\" title=\"formation\"><div id=\"cz_33805\" class=\"cz_33805 services clr style1 cz_sbi_fx_10 services_b wpb_animate_when_almost_visible fadeInRight\"><div class=\"service_custom\"><\/div><div class=\"service_text\"><h3>Formation<\/h3><div class=\"cz_wpe_content\"><\/div><\/div><\/div><\/a>[\/vc_column][\/vc_row][vc_row][vc_column][\/vc_column][\/vc_row][vc_row full_width=&#8221;stretch_row&#8221; css_animation=&#8221;fadeInUp&#8221; css=&#8221;.vc_custom_1645235677775{background: rgba(255,255,255,0.38) url(https:\/\/deviconsultingsn.barma-solutions.com\/wp-content\/uploads\/2022\/02\/eiojfioe.jpg?id=1875) !important;background-position: center !important;background-repeat: no-repeat !important;background-size: cover !important;*background-color: rgb(255,255,255) !important;}&#8221;][vc_column]<div class=\"cz_gap clr  hide_on_mobile\" style=\"height: 180px\"><\/div><div class=\"cz_gap show_on_mobile clr\" style=\"height: 100px\"><\/div><div id=\"cz_108504\" class=\"cz_108504 cz_title clr cz_smart_fs cz_title_pos_inline tac wpb_animate_when_almost_visible fadeIn\"><div class=\"cz_title_shape shape_square cz_shape_1\"><\/div><div class=\"cz_title_content\"><div class=\"cz_wpe_content\"><p style=\"text-align: center;\"><span style=\"color: #666666; font-size: 22px;\"><span style=\"font-size: 28px; color: #ffffff;\">INFINITY SOLUTIONS GROUP<\/span><br \/>\n<\/span><\/p>\n<h2 style=\"text-align: center;\"><span style=\"color: #ffffff; font-size: 56px;\">L&#8217;Excellence Devient Votre Quotidien.<\/span><\/h2>\n<\/div><\/div><\/div><div id=\"cz_43016\" class=\"cz_43016 cz_title clr cz_title_pos_inline tac wpb_animate_when_almost_visible fadeIn\"><div class=\"cz_title_content\"><div class=\"cz_wpe_content\"><p style=\"text-align: center;\"><span style=\"font-size: 20px; color: #ffffff;\">Nous voyons en chaque probl\u00e9matique une opportunit\u00e9 unique de <strong>mieux faire pour faire plus,<\/strong> afin que vous puissiez non seulement satisfaire vos clients, mais les ravir.<\/span><\/p>\n<\/div><\/div><\/div><div id=\"cz_76997\" class=\"cz_76997 cz_2_btn cz_2_btn_center wpb_animate_when_almost_visible fadeIn\"><a class=\"cz_btn btn1\"  href=\"http:\/\/deviconsultingsn.barma-solutions.com\/index.php\/passion-approche\/\" title=\"Passion\"><strong>VOIR +<\/strong><\/a><div class=\"cz_2_btn_sep style1\"><i><span><\/span><\/i><\/div><a class=\"cz_btn btn2\"  href=\"http:\/\/deviconsultingsn.barma-solutions.com\/index.php\/contact\/\" title=\"contact\"><strong>CONTACT<\/strong><\/a><\/div><div class=\"cz_gap clr \" style=\"height: 250px\"><\/div>[\/vc_column][\/vc_row][vc_row full_width=&#8221;stretch_row&#8221; css=&#8221;.vc_custom_1569600133635{background-color: #e9e9e9 !important;}&#8221;][vc_column css_animation=&#8221;bounceInLeft&#8221;]<div class=\"cz_eqh cz_content_box_parent_fx  \"><div id=\"cz_24542\" class=\"cz_24542 cz_content_box clr\"><div class=\"cz_box_front clr\"><div class=\"cz_box_front_inner clr \"><span><\/span><div>[vc_row_inner][vc_column_inner width=&#8221;1\/4&#8243; css=&#8221;.vc_custom_1569578720726{background-color: #a02d7c !important;}&#8221;]<div id=\"cz_68193\" class=\"cz_68193 cz_title clr cz_title_pos_inline tac\"><div class=\"cz_title_content\"><div class=\"cz_wpe_content\"><div style=\"text-align: center; line-height: 1.3;\"><span style=\"color: #ffffff;\">STATS<\/span><\/div>\n<div style=\"text-align: center;\">.<\/div>\n<h2 style=\"text-align: center; line-height: 1.2;\"><span style=\"color: #ffffff;\">NOS<\/span><br \/>\n<span style=\"color: #ffffff;\">CHIFFRES<\/span><\/h2>\n<\/div><\/div><\/div>[\/vc_column_inner][vc_column_inner width=&#8221;1\/4&#8243;]<div id=\"cz_96701\" data-disable-comma=\"\" data-duration=\"3000\" data-delay=\"0000\" class=\"cz_96701 cz_counter clr tac cz_2rows\"><div class=\"\"><span class=\"cz_counter_num_wrap\"><span class=\"cz_counter_num\">+15<\/span><i>ans<\/i><\/span><span class=\"cz_counter_after\">D'EXPERIENCES<\/span><\/div><\/div>[\/vc_column_inner][vc_column_inner width=&#8221;1\/4&#8243;]<div id=\"cz_104628\" data-disable-comma=\"\" data-duration=\"3000\" data-delay=\"0000\" class=\"cz_104628 cz_counter clr tac cz_2rows\"><div class=\"\"><span class=\"cz_counter_num_wrap\"><span class=\"cz_counter_num\">57<\/span><\/span><span class=\"cz_counter_after\">CLIENTS SATISFAITS<\/span><\/div><\/div>[\/vc_column_inner][vc_column_inner width=&#8221;1\/4&#8243;]<div id=\"cz_12193\" data-disable-comma=\"\" data-duration=\"3000\" data-delay=\"0000\" class=\"cz_12193 cz_counter clr tac cz_2rows\"><div class=\"\"><span class=\"cz_counter_num_wrap\"><span class=\"cz_counter_num\">20<\/span><i>+<\/i><\/span><span class=\"cz_counter_after\">PROJECTS EN COURS<\/span><\/div><\/div><div class=\"cz_gap clr  hide_on_mobile\" style=\"height: 0px\"><\/div><div class=\"cz_gap show_on_mobile clr\" style=\"height: 80px\"><\/div>[\/vc_column_inner][\/vc_row_inner]<\/div><\/div><\/div><\/div><\/div><div id=\"cz_60832\" class=\"cz_60832 cz_title clr cz_mobile_text_center cz_title_has_icon cz_title_pos_inline tac\"><div class=\"cz_title_content\"><i class=\"cz_title_icon_before fa czico-074-tick-inside-circle\"><\/i><div class=\"cz_wpe_content\"><p style=\"text-align: center;\"><span style=\"font-size: 20px; color: #1d1d1d;\">Infinity Solutions Group a \u00e9t\u00e9 forg\u00e9e sur la base d&#8217;acquis capitalis\u00e9s d&#8217;une exp\u00e9rience de plus de quinzaine d&#8217;ann\u00e9e de son fondateur.<\/span><\/p>\n<\/div><\/div><\/div>[\/vc_column][\/vc_row][vc_row full_width=&#8221;stretch_row_content&#8221; equal_height=&#8221;yes&#8221; content_placement=&#8221;middle&#8221; el_class=&#8221;no_padding&#8221; css=&#8221;.vc_custom_1587811339976{padding-top: 0px !important;padding-bottom: 0px !important;}&#8221;][vc_column css_animation=&#8221;fadeInLeft&#8221; css=&#8221;.vc_custom_1644379165228{background: rgba(0,0,0,0.34) url(https:\/\/deviconsultingsn.barma-solutions.com\/wp-content\/uploads\/2022\/02\/outils-scaled.jpg?id=1818) !important;background-position: center !important;background-repeat: no-repeat !important;background-size: cover !important;*background-color: rgb(0,0,0) !important;}&#8221; offset=&#8221;vc_col-md-3 vc_col-xs-12&#8243;]<div id=\"cz_102148\" class=\"cz_102148 cz_title clr cz_title_pos_inline tac wpb_animate_when_almost_visible fadeIn\"><div class=\"cz_title_content\"><div class=\"cz_wpe_content\"><h1 style=\"text-align: center;\"><span style=\"color: #ffffff; font-weight: 300;\">NOS<\/span><br \/>\n<span style=\"color: #ffffff;\">OUTILS<\/span><br \/>\n<span style=\"color: #ffffff;\"><br \/>\n<\/span><\/h1>\n<\/div><\/div><\/div>[\/vc_column][vc_column width=&#8221;1\/4&#8243;]<div class=\"cz_eqh cz_content_box_parent_fx  \"><div class=\"fx_shine_hover\"><div id=\"cz_91364\" class=\"cz_91364 cz_content_box clr wpb_animate_when_almost_visible fadeInRight\"><div class=\"cz_box_front clr\"><div class=\"cz_box_front_inner clr \"><span><\/span><div><div id=\"cz_26044\" class=\"cz_26044 cz_social_icons cz_social clr cz_social_fx_10 tal cz_social_colored_bg cz_tooltip cz_tooltip_up\"><a class=\"cz-182-search\" target=\"_blank\" rel=\"noopener noreferrer\" data-title=\"#\" aria-label=\"#\"><i class=\"fa czico-182-search\"><\/i><\/a><\/div><div id=\"cz_15338\" class=\"cz_15338 cz_title clr cz_mobile_text_center cz_title_pos_inline\"><div class=\"cz_title_content\"><div class=\"cz_wpe_content\"><div style=\"line-height: 1.4;\"><strong><span style=\"font-size: 28px;\">DIAGNOSTIC<\/span><\/strong><\/div>\n<\/div><\/div><\/div><div id=\"cz_54291\" class=\"cz_54291 cz_title clr cz_mobile_text_center cz_title_pos_inline\"><div class=\"cz_title_content\"><div class=\"cz_wpe_content\"><div style=\"line-height: 1.5;\"><span style=\"font-size: 18px;\"><strong>Nous effectuons un diagnostic bas\u00e9 sur empathie pour bien cerner vos besoins.<\/strong><br \/>\n<\/span><\/div>\n<\/div><\/div><\/div><\/div><\/div><\/div><\/div><\/div><\/div><div class=\"cz_eqh cz_content_box_parent_fx  \"><div class=\"fx_shine_hover\"><div id=\"cz_28270\" class=\"cz_28270 cz_content_box clr wpb_animate_when_almost_visible fadeInRight\"><div class=\"cz_box_front clr\"><div class=\"cz_box_front_inner clr \"><span><\/span><div><div id=\"cz_83269\" class=\"cz_83269 cz_social_icons cz_social clr cz_social_fx_10 tal cz_social_colored_bg cz_tooltip cz_tooltip_up\"><a class=\"cz-071-interface-1\" target=\"_blank\" rel=\"noopener noreferrer\" data-title=\"#\" aria-label=\"#\"><i class=\"fa czico-071-interface-1\"><\/i><\/a><\/div><div id=\"cz_25702\" class=\"cz_25702 cz_title clr cz_mobile_text_center cz_title_pos_inline\"><div class=\"cz_title_content\"><div class=\"cz_wpe_content\"><div style=\"line-height: 1.4;\"><strong><span style=\"font-size: 28px;\">EVALUATION<\/span><\/strong><\/div>\n<\/div><\/div><\/div><div id=\"cz_46037\" class=\"cz_46037 cz_title clr cz_mobile_text_center cz_title_pos_inline\"><div class=\"cz_title_content\"><div class=\"cz_wpe_content\"><div style=\"line-height: 1.5;\"><span style=\"font-size: 18px;\"><strong>Nous effectuons des &#8220;checking&#8221; r\u00e9guliers tout au long de l\u2019ex\u00e9cution et de l&#8217;apprentissage.<\/strong><\/span><\/div>\n<\/div><\/div><\/div><\/div><\/div><\/div><\/div><\/div><\/div>[\/vc_column][vc_column width=&#8221;1\/4&#8243;]<div class=\"cz_eqh cz_content_box_parent_fx  \"><div class=\"fx_shine_hover\"><div id=\"cz_70756\" class=\"cz_70756 cz_content_box clr wpb_animate_when_almost_visible fadeInRight\"><div class=\"cz_box_front clr\"><div class=\"cz_box_front_inner clr \"><span><\/span><div><div id=\"cz_36075\" class=\"cz_36075 cz_social_icons cz_social clr cz_social_fx_10 tal cz_social_colored_bg cz_tooltip cz_tooltip_up\"><a class=\"cz-055-conversation\" target=\"_blank\" rel=\"noopener noreferrer\" data-title=\"#\" aria-label=\"#\"><i class=\"fa czico-055-conversation\"><\/i><\/a><\/div><div id=\"cz_46637\" class=\"cz_46637 cz_title clr cz_mobile_text_center cz_title_pos_inline\"><div class=\"cz_title_content\"><div class=\"cz_wpe_content\"><div style=\"line-height: 1.4;\"><strong><span style=\"font-size: 28px;\">FORMATION<\/span><\/strong><\/div>\n<\/div><\/div><\/div><div id=\"cz_76888\" class=\"cz_76888 cz_title clr cz_mobile_text_center cz_title_pos_inline\"><div class=\"cz_title_content\"><div class=\"cz_wpe_content\"><div style=\"line-height: 1.5;\"><span style=\"font-size: 18px;\"><strong>Nous d\u00e9veloppons un mat\u00e9riel ad\u00e9quat en y associant une ing\u00e9nierie p\u00e9dagogique adapt\u00e9e.<\/strong><br \/>\n<\/span><\/div>\n<\/div><\/div><\/div><\/div><\/div><\/div><\/div><\/div><\/div><div class=\"cz_eqh cz_content_box_parent_fx  \"><div class=\"fx_shine_hover\"><div id=\"cz_20006\" class=\"cz_20006 cz_content_box clr wpb_animate_when_almost_visible fadeInRightBig\"><div class=\"cz_box_front clr\"><div class=\"cz_box_front_inner clr \"><span><\/span><div><div id=\"cz_82388\" class=\"cz_82388 cz_social_icons cz_social clr cz_social_fx_10 tal cz_social_colored_bg cz_tooltip cz_tooltip_up\"><a class=\"cz-029-target-3\" target=\"_blank\" rel=\"noopener noreferrer\" data-title=\"#\" aria-label=\"#\"><i class=\"fa czico-029-target-3\"><\/i><\/a><\/div><div id=\"cz_13343\" class=\"cz_13343 cz_title clr cz_mobile_text_center cz_title_pos_inline\"><div class=\"cz_title_content\"><div class=\"cz_wpe_content\"><div style=\"line-height: 1.4;\"><strong><span style=\"font-size: 28px;\">RECONNAISSANCE<\/span><\/strong><\/div>\n<\/div><\/div><\/div><div id=\"cz_106381\" class=\"cz_106381 cz_title clr cz_mobile_text_center cz_title_pos_inline\"><div class=\"cz_title_content\"><div class=\"cz_wpe_content\"><div style=\"line-height: 1.5;\"><span style=\"font-size: 18px;\"><strong>Nous c\u00e9l\u00e9brons le succ\u00e8s avec nos clients pour garantir une continuit\u00e9 de l&#8217;am\u00e9lioration.<\/strong><br \/>\n<\/span><\/div>\n<\/div><\/div><\/div><\/div><\/div><\/div><\/div><\/div><\/div>[\/vc_column][vc_column width=&#8221;1\/4&#8243;]<div class=\"cz_eqh cz_content_box_parent_fx  \"><div class=\"fx_shine_hover\"><div id=\"cz_109575\" class=\"cz_109575 cz_content_box clr wpb_animate_when_almost_visible fadeInRight\"><div class=\"cz_box_front clr\"><div class=\"cz_box_front_inner clr \"><span><\/span><div><div id=\"cz_102658\" class=\"cz_102658 cz_social_icons cz_social clr cz_social_fx_10 tal cz_social_colored_bg cz_tooltip cz_tooltip_up\"><a class=\"cz-045-smartphone\" target=\"_blank\" rel=\"noopener noreferrer\" data-title=\"#\" aria-label=\"#\"><i class=\"fa czico-045-smartphone\"><\/i><\/a><\/div><div id=\"cz_20783\" class=\"cz_20783 cz_title clr cz_mobile_text_center cz_title_pos_inline\"><div class=\"cz_title_content\"><div class=\"cz_wpe_content\"><div style=\"line-height: 1.4;\"><strong><span style=\"font-size: 28px;\">COACHING<br \/>\n<\/span><\/strong><\/div>\n<\/div><\/div><\/div><div id=\"cz_56021\" class=\"cz_56021 cz_title clr cz_mobile_text_center cz_title_pos_inline\"><div class=\"cz_title_content\"><div class=\"cz_wpe_content\"><div style=\"line-height: 1.5;\"><span style=\"font-size: 18px;\"><strong>Nous supportons dans l\u2019ex\u00e9cution pour garantir la qualit\u00e9 de la compr\u00e9hension.<\/strong><br \/>\n<\/span><\/div>\n<\/div><\/div><\/div><\/div><\/div><\/div><\/div><\/div><\/div><div class=\"cz_eqh cz_content_box_parent_fx  \"><div class=\"fx_shine_hover\"><div id=\"cz_97549\" class=\"cz_97549 cz_content_box clr wpb_animate_when_almost_visible fadeInUp\"><div class=\"cz_box_front clr\"><div class=\"cz_box_front_inner clr \"><span><\/span><div><div class=\"cz_gap clr \" style=\"height: 100px\"><\/div>[vc_single_image image=&#8221;1624&#8243; img_size=&#8221;300&#215;100&#8243; alignment=&#8221;center&#8221; onclick=&#8221;link_image&#8221;]<div class=\"cz_gap clr \" style=\"height: 70px\"><\/div><\/div><\/div><\/div><\/div><\/div><\/div>[\/vc_column][\/vc_row][vc_row full_width=&#8221;stretch_row&#8221; css=&#8221;.vc_custom_1569600320242{background-color: #e9e9e9 !important;}&#8221;][vc_column]<div class=\"cz_gap clr  hide_on_mobile\" style=\"height: 160px\"><\/div><div class=\"cz_gap show_on_mobile clr\" style=\"height: 120px\"><\/div>[\/vc_column][\/vc_row][vc_row full_width=&#8221;stretch_row&#8221;][vc_column]<div class=\"cz_eqh cz_content_box_parent_fx  \"><div id=\"cz_32451\" class=\"cz_32451 cz_content_box clr wpb_animate_when_almost_visible fadeInDown\"><div class=\"cz_box_front clr\"><div class=\"cz_box_front_inner clr \"><span><\/span><div><div id=\"cz_36304\" class=\"cz_36304 cz_title clr cz_smart_fs cz_mobile_text_center cz_title_has_bg cz_title_pos_inline tac\"><div class=\"cz_title_content\"><div class=\"cz_wpe_content\"><p style=\"text-align: center;\">INFINITY SOLUTIONS GROUP<\/p>\n<h2 style=\"text-align: center;\">POURQUOI SE FORMER CHEZ NOUS<\/h2>\n<\/div><\/div><\/div>[vc_row_inner][vc_column_inner width=&#8221;1\/2&#8243;]<div id=\"cz_82352\" class=\"cz_82352 cz_title clr cz_mobile_text_center cz_title_pos_inline\"><div class=\"cz_title_content\"><div class=\"cz_wpe_content\"><p>Notre expertise en mati\u00e8re de d\u00e9veloppement des comp\u00e9tences en Excellence Op\u00e9rationnelle nous a permis de d\u00e9velopper des sessions et des m\u00e9thodes d\u2019enseignements \u00e9prouv\u00e9es pour l\u2019am\u00e9lioration de la performance des entreprises.<\/p>\n<p>Notre \u00e9quipe cumule plus de 50 ann\u00e9es d&#8217;exp\u00e9rience \u00e0 aider les personnes, les organisations \u00e0 travers le monde \u00e0 int\u00e9grer l&#8217;excellence dans leur mode de fonctionnement.<\/p>\n<p>Cet h\u00e9ritage nous permet de vous offrir un service d&#8217;apprentissage unique. Nous vous proposons un vaste r\u00e9pertoire de th\u00e8mes de formation, qui peut s\u2019int\u00e9grer dans vos plans et parcours de formation.<\/p>\n<p>Les exercices pratiques int\u00e9gr\u00e9s \u00e0 tous nos modules permettent de renforcer l\u2019action de formation.<\/p>\n<\/div><\/div><\/div>[\/vc_column_inner][vc_column_inner width=&#8221;1\/2&#8243;]<div class=\"cz_gap clr  hide_on_mobile\" style=\"height: 97px\"><\/div><div class=\"cz_gap show_on_mobile clr\" style=\"height: 56px\"><\/div><div id=\"cz_92357\" class=\"cz_grid_p cz_92357\"><div class=\"cz_grid cz_grid_1 clr cz_masonry cz_grid_c2 cz_grid_1_no_title cz_grid_1_mid tac cz_grid_zin\"><div class=\"cz_grid_item cz_grid_first\"><\/div><div class=\"cz_grid_item \"><div><a class=\"cz_grid_link \" href=\"https:\/\/deviconsultingsn.barma-solutions.com\/wp-content\/uploads\/2022\/02\/BBBBBBBBBBBB-scaled.jpg\" data-xtra-lightbox data-xtra-lightbox><img width=\"2560\" height=\"2560\" src=\"data:image\/svg+xml,%3Csvg%20xmlns%3D&#39;http%3A%2F%2Fwww.w3.org%2F2000%2Fsvg&#39;%20width=&#39;2560&#39;%20height=&#39;2560&#39;%20viewBox%3D&#39;0%200%202560%202560&#39;%2F%3E\" data-czlz data-src=\"https:\/\/deviconsultingsn.barma-solutions.com\/wp-content\/uploads\/2022\/02\/BBBBBBBBBBBB-scaled.jpg\" class=\"attachment-full\" alt=\"\" title=\"BBBBBBBBBBBB\" data-srcset=\"https:\/\/deviconsultingsn.barma-solutions.com\/wp-content\/uploads\/2022\/02\/BBBBBBBBBBBB-scaled.jpg 2560w, https:\/\/deviconsultingsn.barma-solutions.com\/wp-content\/uploads\/2022\/02\/BBBBBBBBBBBB-300x300.jpg 300w, https:\/\/deviconsultingsn.barma-solutions.com\/wp-content\/uploads\/2022\/02\/BBBBBBBBBBBB-1024x1024.jpg 1024w, https:\/\/deviconsultingsn.barma-solutions.com\/wp-content\/uploads\/2022\/02\/BBBBBBBBBBBB-150x150.jpg 150w, https:\/\/deviconsultingsn.barma-solutions.com\/wp-content\/uploads\/2022\/02\/BBBBBBBBBBBB-768x768.jpg 768w, https:\/\/deviconsultingsn.barma-solutions.com\/wp-content\/uploads\/2022\/02\/BBBBBBBBBBBB-1536x1536.jpg 1536w, https:\/\/deviconsultingsn.barma-solutions.com\/wp-content\/uploads\/2022\/02\/BBBBBBBBBBBB-2048x2048.jpg 2048w, https:\/\/deviconsultingsn.barma-solutions.com\/wp-content\/uploads\/2022\/02\/BBBBBBBBBBBB-600x600.jpg 600w, https:\/\/deviconsultingsn.barma-solutions.com\/wp-content\/uploads\/2022\/02\/BBBBBBBBBBBB-100x100.jpg 100w\" data-sizes=\"(max-width: 2560px) 100vw, 2560px\" \/><div class=\"cz_grid_details\"><i class=\"fa fa-search cz_grid_icon\"><\/i><\/div><\/a><\/div><\/div><div class=\"cz_grid_item \"><div><a class=\"cz_grid_link \" href=\"https:\/\/deviconsultingsn.barma-solutions.com\/wp-content\/uploads\/2022\/02\/AAAAAAAAAAAAAAAAAAAA-scaled.jpg\" data-xtra-lightbox data-xtra-lightbox><img width=\"2560\" height=\"2560\" src=\"data:image\/svg+xml,%3Csvg%20xmlns%3D&#39;http%3A%2F%2Fwww.w3.org%2F2000%2Fsvg&#39;%20width=&#39;2560&#39;%20height=&#39;2560&#39;%20viewBox%3D&#39;0%200%202560%202560&#39;%2F%3E\" data-czlz data-src=\"https:\/\/deviconsultingsn.barma-solutions.com\/wp-content\/uploads\/2022\/02\/AAAAAAAAAAAAAAAAAAAA-scaled.jpg\" class=\"attachment-full\" alt=\"\" title=\"AAAAAAAAAAAAAAAAAAAA\" data-srcset=\"https:\/\/deviconsultingsn.barma-solutions.com\/wp-content\/uploads\/2022\/02\/AAAAAAAAAAAAAAAAAAAA-scaled.jpg 2560w, https:\/\/deviconsultingsn.barma-solutions.com\/wp-content\/uploads\/2022\/02\/AAAAAAAAAAAAAAAAAAAA-300x300.jpg 300w, https:\/\/deviconsultingsn.barma-solutions.com\/wp-content\/uploads\/2022\/02\/AAAAAAAAAAAAAAAAAAAA-1024x1024.jpg 1024w, https:\/\/deviconsultingsn.barma-solutions.com\/wp-content\/uploads\/2022\/02\/AAAAAAAAAAAAAAAAAAAA-150x150.jpg 150w, https:\/\/deviconsultingsn.barma-solutions.com\/wp-content\/uploads\/2022\/02\/AAAAAAAAAAAAAAAAAAAA-768x768.jpg 768w, https:\/\/deviconsultingsn.barma-solutions.com\/wp-content\/uploads\/2022\/02\/AAAAAAAAAAAAAAAAAAAA-1536x1536.jpg 1536w, https:\/\/deviconsultingsn.barma-solutions.com\/wp-content\/uploads\/2022\/02\/AAAAAAAAAAAAAAAAAAAA-2048x2048.jpg 2048w, https:\/\/deviconsultingsn.barma-solutions.com\/wp-content\/uploads\/2022\/02\/AAAAAAAAAAAAAAAAAAAA-600x600.jpg 600w, https:\/\/deviconsultingsn.barma-solutions.com\/wp-content\/uploads\/2022\/02\/AAAAAAAAAAAAAAAAAAAA-100x100.jpg 100w\" data-sizes=\"(max-width: 2560px) 100vw, 2560px\" \/><div class=\"cz_grid_details\"><i class=\"fa fa-search cz_grid_icon\"><\/i><\/div><\/a><\/div><\/div><\/div><\/div>[\/vc_column_inner][\/vc_row_inner]<\/div><\/div><\/div><\/div><\/div>[\/vc_column][\/vc_row]<\/p>\n","protected":false},"excerpt":{"rendered":"<p>[vc_row][vc_column][\/vc_column][\/vc_row][vc_row][vc_column width=&#8221;1\/3&#8243;][\/vc_column][vc_column width=&#8221;1\/3&#8243;][\/vc_column][vc_column width=&#8221;1\/3&#8243;][\/vc_column][\/vc_row][vc_row][vc_column][\/vc_column][\/vc_row][vc_row full_width=&#8221;stretch_row&#8221; css_animation=&#8221;fadeInUp&#8221; css=&#8221;.vc_custom_1645235677775{background: rgba(255,255,255,0.38) url(https:\/\/deviconsultingsn.barma-solutions.com\/wp-content\/uploads\/2022\/02\/eiojfioe.jpg?id=1875) !important;background-position: center &#8230; <\/p>\n","protected":false},"author":1,"featured_media":0,"parent":0,"menu_order":0,"comment_status":"closed","ping_status":"closed","template":"","meta":[],"_links":{"self":[{"href":"https:\/\/deviconsultingsn.barma-solutions.com\/index.php\/wp-json\/wp\/v2\/pages\/883"}],"collection":[{"href":"https:\/\/deviconsultingsn.barma-solutions.com\/index.php\/wp-json\/wp\/v2\/pages"}],"about":[{"href":"https:\/\/deviconsultingsn.barma-solutions.com\/index.php\/wp-json\/wp\/v2\/types\/page"}],"author":[{"embeddable":true,"href":"https:\/\/deviconsultingsn.barma-solutions.com\/index.php\/wp-json\/wp\/v2\/users\/1"}],"replies":[{"embeddable":true,"href":"https:\/\/deviconsultingsn.barma-solutions.com\/index.php\/wp-json\/wp\/v2\/comments?post=883"}],"version-history":[{"count":77,"href":"https:\/\/deviconsultingsn.barma-solutions.com\/index.php\/wp-json\/wp\/v2\/pages\/883\/revisions"}],"predecessor-version":[{"id":1905,"href":"https:\/\/deviconsultingsn.barma-solutions.com\/index.php\/wp-json\/wp\/v2\/pages\/883\/revisions\/1905"}],"wp:attachment":[{"href":"https:\/\/deviconsultingsn.barma-solutions.com\/index.php\/wp-json\/wp\/v2\/media?parent=883"}],"curies":[{"name":"wp","href":"https:\/\/api.w.org\/{rel}","templated":true}]}}