{"id":958,"date":"2018-09-02T05:14:51","date_gmt":"2018-09-02T05:14:51","guid":{"rendered":"https:\/\/xtratheme.com\/industrial\/?page_id=958"},"modified":"2022-02-09T14:00:56","modified_gmt":"2022-02-09T13:00:56","slug":"passion-approche","status":"publish","type":"page","link":"https:\/\/deviconsultingsn.barma-solutions.com\/index.php\/passion-approche\/","title":{"rendered":"PASSION &#038; APPROCHE"},"content":{"rendered":"<p>[vc_row][vc_column]<div class=\"cz_gap clr  hide_on_mobile\" style=\"height: 70px\"><\/div><div class=\"cz_gap show_on_mobile clr\" style=\"height: 0px\"><\/div>[\/vc_column][\/vc_row][vc_row][vc_column offset=&#8221;vc_col-md-6&#8243;]<div class=\"cz_gap clr  hide_on_mobile\" style=\"height: 60px\"><\/div><div class=\"cz_gap show_on_mobile clr\" style=\"height: 20px\"><\/div><div id=\"cz_42132\" class=\"cz_42132 cz_title clr cz_mobile_text_center cz_title_pos_inline\"><div class=\"cz_title_shape shape_square cz_shape_1\"><\/div><div class=\"cz_title_content\"><div class=\"cz_wpe_content\"><p>INFINITY SOLUTIONS GROUP<\/p>\n<h2>CE QUI NOUS PASSIONNE<\/h2>\n<\/div><\/div><\/div><div class=\"cz_gap clr \" style=\"height: 30px\"><\/div><div class=\"cz_gap clr \" style=\"height: 30px\"><\/div><div id=\"cz_50357\" class=\"cz_50357 cz_title clr cz_mobile_text_center cz_title_pos_inline\"><div class=\"cz_title_content\"><div class=\"cz_wpe_content\"><p>Dans l\u2019environnement de business actuel, le succ\u00e8s de toute organisation repose sur la bonne sant\u00e9 de ses processus et sur l\u2019expertise de son CAPITAL HUMAIN \u00e0 adopter les comportements ad\u00e9quats afin de survivre, de prosp\u00e9rer et de se p\u00e9renniser \u00e0 travers les turbulences \u00e9conomiques.<\/p>\n<p>Pour y faire face, il est primordial de pouvoir d\u00e9tecter tr\u00e8s t\u00f4t dans les processus op\u00e9rationnels les \u2018\u2019douleurs\u2019\u2019 qui emp\u00eachent le syst\u00e8me de d\u00e9livrer.<\/p>\n<p>Chez INFINITY SOLUTIONS GROUP, nous apportons des solutions qui vous permettent de soulager vos \u2018\u2018douleurs\u2019\u2019 pour mener des initiatives strat\u00e9giques qui acc\u00e9l\u00e8rent la productivit\u00e9 et l&#8217;innovation.<\/p>\n<\/div><\/div><\/div><div class=\"cz_gap clr  hide_on_mobile\" style=\"height: 30px\"><\/div><div class=\"cz_gap show_on_mobile clr\" style=\"height: 0px\"><\/div><div class=\"cz_gap clr  hide_on_mobile\" style=\"height: 10px\"><\/div><div class=\"cz_gap show_on_mobile clr\" style=\"height: 50px\"><\/div>[\/vc_column][vc_column offset=&#8221;vc_col-md-6&#8243;][vc_single_image image=&#8221;1841&#8243; img_size=&#8221;2000&#215;2000&#8243; alignment=&#8221;center&#8221; onclick=&#8221;link_image&#8221;][\/vc_column][\/vc_row][vc_row][vc_column]<div class=\"cz_gap clr  hide_on_mobile\" style=\"height: 90px\"><\/div><div class=\"cz_gap show_on_mobile clr\" style=\"height: 20px\"><\/div>[\/vc_column][\/vc_row][vc_row][vc_column]<div id=\"cz_106235\" class=\"cz_106235 cz_title clr cz_mobile_text_center cz_title_pos_inline tac\"><div class=\"cz_title_shape shape_square cz_shape_1\"><\/div><div class=\"cz_title_content\"><div class=\"cz_wpe_content\"><p style=\"text-align: center;\">INFINITY SOLUTIONS GROUP<strong><br \/>\n<\/strong><\/p>\n<h3 style=\"text-align: center;\">Notre exp\u00e9rience nous permet de r\u00e9pondre aux probl\u00e9matiques des d\u00e9cideurs d\u2019entreprise\u00a0:<\/h3>\n<\/div><\/div><\/div><div class=\"cz_gap clr  hide_on_mobile\" style=\"height: 67px\"><\/div><div class=\"cz_gap show_on_mobile clr\" style=\"height: 11px\"><\/div><ul id=\"cz_23325\" class=\"cz_23325 cz_stylish_list clr cz_sl_icon_hover_zoom_in\"><li class=\"clr\"><div class=\"cz_sl_icon\"><i class=\"fa czico-074-tick-inside-circle mr10\" ><\/i><\/div><div><span>Manque d\u2019alignement sur les objectifs d\u2019entreprise entre le management et les collaborateurs, <\/span><\/div><\/li><li class=\"clr\"><div class=\"cz_sl_icon\"><i class=\"fa czico-074-tick-inside-circle mr10\" ><\/i><\/div><div><span>Difficult\u00e9s de gestion des r\u00e9sultats des d\u2019activit\u00e9s op\u00e9rationnelles,<\/span><\/div><\/li><li class=\"clr\"><div class=\"cz_sl_icon\"><i class=\"fa czico-074-tick-inside-circle mr10\" ><\/i><\/div><div><span>Sous performance des lignes de production, des processus de services,<\/span><\/div><\/li><li class=\"clr\"><div class=\"cz_sl_icon\"><i class=\"fa czico-074-tick-inside-circle mr10\" ><\/i><\/div><div><span>Erreurs d\u2019ex\u00e9cution dans le processus, erreurs de facturation,<\/span><\/div><\/li><li class=\"clr\"><div class=\"cz_sl_icon\"><i class=\"fa czico-074-tick-inside-circle mr10\" ><\/i><\/div><div><span>D\u00e9faut de qualit\u00e9 du produit ou du service et dans l\u2019ex\u00e9cution,<\/span><\/div><\/li><li class=\"clr\"><div class=\"cz_sl_icon\"><i class=\"fa czico-074-tick-inside-circle mr10\" ><\/i><\/div><div><span>Utilisation de ressource additionnelles pour d\u00e9livrer la quantit\u00e9 et la qualit\u00e9, augmentation des heures suppl\u00e9mentaires,<\/span><\/div><\/li><li class=\"clr\"><div class=\"cz_sl_icon\"><i class=\"fa czico-074-tick-inside-circle mr10\" ><\/i><\/div><div><span>Retard de livraison, erreur de livraison,<\/span><\/div><\/li><li class=\"clr\"><div class=\"cz_sl_icon\"><i class=\"fa czico-074-tick-inside-circle mr10\" ><\/i><\/div><div><span>Insatisfaction du client, retour produits, plaintes consommateurs.<\/span><\/div><\/li><\/ul>[\/vc_column][\/vc_row][vc_row][vc_column]<div class=\"cz_gap clr  hide_on_mobile\" style=\"height: 120px\"><\/div><div class=\"cz_gap show_on_mobile clr\" style=\"height: 20px\"><\/div>[\/vc_column][\/vc_row][vc_row full_width=&#8221;stretch_row&#8221; css=&#8221;.vc_custom_1644411588942{background-image: url(https:\/\/deviconsultingsn.barma-solutions.com\/wp-content\/uploads\/2022\/02\/approche-scaled.jpg?id=1846) !important;background-position: center !important;background-repeat: no-repeat !important;background-size: cover !important;}&#8221;][vc_column]<div class=\"cz_gap clr  hide_on_mobile\" style=\"height: 180px\"><\/div><div class=\"cz_gap show_on_mobile clr\" style=\"height: 100px\"><\/div>[vc_row_inner][vc_column_inner]<div id=\"cz_86392\" class=\"cz_86392 slick no_arrows no_dots is_center\" data-slick='{\"selector\":\"\",\"slidesToShow\":1,\"slidesToScroll\":1,\"rows\":1,\"fade\":false,\"vertical\":false,\"verticalSwiping\":false,\"infinite\":true,\"speed\":1000,\"swipeToSlide\":true,\"centerMode\":true,\"centerPadding\":\"\",\"variableWidth\":false,\"autoplay\":false,\"autoplaySpeed\":4000,\"dots\":true,\"counts\":false,\"adaptiveHeight\":false,\"responsive\":[{\"breakpoint\":769,\"settings\":{\"slidesToShow\":1,\"slidesToScroll\":1,\"touchMove\":true}},{\"breakpoint\":481,\"settings\":{\"slidesToShow\":1,\"slidesToScroll\":1,\"touchMove\":true}}]}' data-slick-prev=\"fa fa-chevron-left\" data-slick-next=\"fa fa-chevron-right\"><div id=\"cz_88898\" class=\"cz_88898 cz_quote cz_quote_arrow cz_quote_center\"><blockquote><i class=\"fa fa-quote-right cz_quote_shape\" style=\"position:relative;margin: 0 auto 20px;font-size: 40px;text-align: center;opacity: 1;color: #a02d7c;\"><\/i><div class=\"cz_quote_content cz_wpe_content\"><strong>Nos outils et m\u00e9thodologies d\u2019am\u00e9lioration continue nous permettent d\u2019analyser, d\u2019\u00e9liminer les probl\u00e8mes li\u00e9s \u00e0 l\u2019inefficience et \u00e0 l&#8217;inefficacit\u00e9 de vos processus, pour mieux r\u00e9pondre aux besoins de vos clients et consommateurs.<\/strong><\/div><\/blockquote><\/div><div id=\"cz_85725\" class=\"cz_85725 cz_quote cz_quote_arrow cz_quote_center\"><blockquote><i class=\"fa fa-quote-right cz_quote_shape\" style=\"position:relative;margin: 0 auto 20px;font-size: 40px;text-align: center;opacity: 1;color: #a02d7c;\"><\/i><div class=\"cz_quote_content cz_wpe_content\">XTRA always has what we need at the right price. Tom is a great help even when it&#8217;s something that is hard to find. From the office to Tom or anyone else in back, its always a pleasure to order things that you know will be right the time<\/div><\/blockquote><div class=\"cz_quote_info\"><img width=\"80\" height=\"80\" src=\"data:image\/svg+xml,%3Csvg%20xmlns%3D&#39;http%3A%2F%2Fwww.w3.org%2F2000%2Fsvg&#39;%20width=&#39;80&#39;%20height=&#39;80&#39;%20viewBox%3D&#39;0%200%2080%2080&#39;%2F%3E\" data-czlz data-src=\"https:\/\/deviconsultingsn.barma-solutions.com\/wp-content\/uploads\/2018\/06\/q2.jpg\" class=\"attachment-thumbnail\" alt=\"\" title=\"q2\" \/><h4>John Alaberta<small>Industrial Factory<\/small><\/h4><\/div><\/div><\/div><div><\/div>[\/vc_column_inner][\/vc_row_inner][\/vc_column][\/vc_row][vc_row][vc_column]<div class=\"cz_gap clr \" style=\"height: 99px\"><\/div><div id=\"cz_94117\" class=\"cz_94117 cz_title clr cz_mobile_text_center cz_title_pos_inline\"><div class=\"cz_title_shape shape_square cz_shape_1\"><\/div><div class=\"cz_title_content\"><div class=\"cz_wpe_content\"><p style=\"text-align: left;\">INFINITY SOLUTIONS GROUP<\/p>\n<h2 style=\"text-align: left;\">NOTRE APPROCHE<\/h2>\n<\/div><\/div><\/div><div class=\"cz_gap clr \" style=\"height: 50px\"><\/div>[vc_single_image image=&#8221;1757&#8243; img_size=&#8221;full&#8221; alignment=&#8221;center&#8221; onclick=&#8221;link_image&#8221;][\/vc_column][\/vc_row]<\/p>\n","protected":false},"excerpt":{"rendered":"<p>[vc_row][vc_column][\/vc_column][\/vc_row][vc_row][vc_column offset=&#8221;vc_col-md-6&#8243;][\/vc_column][vc_column offset=&#8221;vc_col-md-6&#8243;][vc_single_image image=&#8221;1841&#8243; img_size=&#8221;2000&#215;2000&#8243; alignment=&#8221;center&#8221; onclick=&#8221;link_image&#8221;][\/vc_column][\/vc_row][vc_row][vc_column][\/vc_column][\/vc_row][vc_row][vc_column][\/vc_column][\/vc_row][vc_row][vc_column][\/vc_column][\/vc_row][vc_row full_width=&#8221;stretch_row&#8221; css=&#8221;.vc_custom_1644411588942{background-image: url(https:\/\/deviconsultingsn.barma-solutions.com\/wp-content\/uploads\/2022\/02\/approche-scaled.jpg?id=1846) !important;background-position: &#8230; <\/p>\n","protected":false},"author":1,"featured_media":0,"parent":0,"menu_order":0,"comment_status":"closed","ping_status":"closed","template":"","meta":[],"_links":{"self":[{"href":"https:\/\/deviconsultingsn.barma-solutions.com\/index.php\/wp-json\/wp\/v2\/pages\/958"}],"collection":[{"href":"https:\/\/deviconsultingsn.barma-solutions.com\/index.php\/wp-json\/wp\/v2\/pages"}],"about":[{"href":"https:\/\/deviconsultingsn.barma-solutions.com\/index.php\/wp-json\/wp\/v2\/types\/page"}],"author":[{"embeddable":true,"href":"https:\/\/deviconsultingsn.barma-solutions.com\/index.php\/wp-json\/wp\/v2\/users\/1"}],"replies":[{"embeddable":true,"href":"https:\/\/deviconsultingsn.barma-solutions.com\/index.php\/wp-json\/wp\/v2\/comments?post=958"}],"version-history":[{"count":31,"href":"https:\/\/deviconsultingsn.barma-solutions.com\/index.php\/wp-json\/wp\/v2\/pages\/958\/revisions"}],"predecessor-version":[{"id":1848,"href":"https:\/\/deviconsultingsn.barma-solutions.com\/index.php\/wp-json\/wp\/v2\/pages\/958\/revisions\/1848"}],"wp:attachment":[{"href":"https:\/\/deviconsultingsn.barma-solutions.com\/index.php\/wp-json\/wp\/v2\/media?parent=958"}],"curies":[{"name":"wp","href":"https:\/\/api.w.org\/{rel}","templated":true}]}}